{"id":51,"date":"2021-05-05T09:20:28","date_gmt":"2021-05-05T08:20:28","guid":{"rendered":"https:\/\/afs-poitou-charentes.fr\/accueil\/?page_id=51"},"modified":"2026-03-30T23:22:02","modified_gmt":"2026-03-30T22:22:02","slug":"accueil","status":"publish","type":"page","link":"https:\/\/afs-poitou-charentes.fr\/accueil\/","title":{"rendered":"Accueil"},"content":{"rendered":"<div style=\"display: block;\">\n<div class=\"deg_transparent\">\n<div class=\"contenu_page\">\n<div class=\"row\" style=\"display: inline-flex; justify-content: center; align-content: center;\">\n<div class=\"col-lg-6\" style=\"display: flex; align-items: left; justify-content: center; flex-direction: column;\">\n<div style=\"font-size: 24pt; font-family: 'arial black', sans-serif;\"><strong>Actuellement<\/strong><\/div>\n<p><div class=\"bouton_bleu\" style=\"width: 250px; text-align: center; z-index: 256;\" onclick=\"location.href='https:\/\/afs-poitou-charentes.fr\/accueil\/campagne-accueil\/';\">Tableau des jeunes<\/div>\n<\/p>\n<\/div>\n<div class=\"col-lg-6\" style=\"display: flex; flex-direction: column; place-content: center; text-align: center;\">\n<p><span style=\"font-family: 'arial black', sans-serif; font-size: 30pt;\">La campagne Accueil 2026 est en cours !<\/span><\/p>\n<p><span> Accueillez un jeune international chez vous pour d\u00e9couvrir une autre culture, partager votre quotidien, vos passions et tisser des liens durables par-del\u00e0 les fronti\u00e8res. Rejoignez-nous !<\/span><\/div>\n<\/div>\n<\/div>\n<\/div>\n<\/div>\n<div style=\"display: none;\">\n<div class=\"deg_transparent \">\n<div class=\"contenu_page\">\n<div class=\"row\" style=\"display: inline-flex; justify-content: center; align-content: center;\">\n<div class=\"col-lg-6\" style=\"display: flex; align-items: left; justify-content: center; flex-direction: column;\">\n<div style=\"font-size: 24pt; font-family: 'arial black', sans-serif;\"><strong>Actuellement<\/strong><\/div>\n<p>\n<span class=\"bouton_bleu\" style=\"width: 250px; text-align: center;\" onclick=\"location.href='https:\/\/afs-poitou-charentes.fr\/accueil\/campagne-accueil\/';\">Tableaux des jeunes<br \/>\n\u00e0 placer<\/span>\n<\/p>\n<\/div>\n<div class=\"col-lg-6\" style=\"display: flex; flex-direction: column; place-content: center; text-align: center;\">\n<p><span style=\"font-family: 'arial black', sans-serif; font-size: 30pt;\">La campagne Accueil 2023 est en cours !<\/span><\/p>\n<p><span> Accueillez un jeune international chez vous pour d\u00e9couvrir une autre culture, partager votre quotidien, vos passions et tisser des liens durables par-del\u00e0 les fronti\u00e8res. Rejoignez-nous !<\/span><\/div>\n<\/div>\n<\/div>\n<\/div>\n<\/div>\n<p><!-- Fin  --><\/p>\n<div class=\"deg_bleu_bleuciel\">\n<div class=\"contenu_page\">\n<div class=\"row\" style=\"display: inline-flex; justify-content: center; align-content: center;\">\n<div class=\"col-lg-8\" style=\"display: flex; align-items: left; justify-content: center; flex-direction: column;\">\n<p>AFS Poitou-Charentes est une association affili\u00e9e \u00e0 AFS Vivre Sans Fronti\u00e8re.<\/p>\n<p>Les activit\u00e9s couvrent un territoire g\u00e9ographique comprenant les quatre d\u00e9partements de la r\u00e9gion Poitou-Charentes : la Vienne, les Deux-S\u00e8vres, la Charente et la Charente Maritime<\/p>\n<p><span class=\"bouton_bleu\" style=\"width: 250px; text-align: left;\" onclick=\"window.open('https:\/\/afs-poitou-charentes.fr\/accueil\/actualites\/')\">Actualit\u00e9s<\/span><\/p>\n<p>Plus de 30 b\u00e9n\u00e9voles animent les pr\u00e9parations au d\u00e9part, l&rsquo;accueil des jeunes \u00e9trangers et la vie de l&rsquo;association.<\/p>\n<p><span class=\"bouton_transparent\" style=\"width: 250px; text-align: left;\" onclick=\"window.open('https:\/\/afs.fr\/benevoles\/')\">Devenez B\u00e9n\u00e9vole AFS<\/span><\/p>\n<p>Ce site a pour objectif de partager les informations et les actualit\u00e9s de notre association locale.<\/p>\n<\/div>\n<div class=\"col-lg-4\" style=\"display: flex; flex-direction: column; place-content: center; text-align: center;\">\n<p><a href=\"https:\/\/afs-poitou-charentes.fr\/accueil\/wp-content\/uploads\/2021\/05\/P1030254-scaled.jpg\" data-rel=\"lightbox-image-0\" data-rl_title=\"\" data-rl_caption=\"\" title=\"\"><img loading=\"lazy\" class=\"encadree\" src=\"https:\/\/afs-poitou-charentes.fr\/accueil\/wp-content\/uploads\/2021\/05\/P1030254-300x169.jpg\" alt=\"\" width=\"300\" height=\"169\" \/><\/a><\/p>\n<\/div>\n<\/div>\n<\/div>\n<\/div>\n<div style=\"display: none;\">\n<div class=\"deg_bleu_vert_afs\">\n<div class=\"contenu_page\">\n<div class=\"row\" style=\"display: inline-flex; justify-content: center; align-content: center;\">\n<div class=\"col-lg-8\" style=\"display: flex; align-items: left; justify-content: center; flex-direction: column;\">\n<div>\n<p><span class=\"bouton_bleu\" style=\"width: 250px; text-align: left;\" onclick=\"window.open('https:\/\/afs-poitou-charentes.fr\/accueil\/actualites\/')\">Actualit\u00e9s<\/span><\/p>\n<div>\n<p>AFS Poitou-Charentes est une association affili\u00e9e \u00e0 AFS Vivre Sans Fronti\u00e8re.<\/p>\n<p>Les activit\u00e9s couvrent un territoire g\u00e9ographique comprenant les quatre d\u00e9partements de la r\u00e9gion Poitou-Charentes : la Vienne, les Deux-S\u00e8vres, la Charente et la Charente Maritime<\/p>\n<\/div>\n<p>Plus de 30 b\u00e9n\u00e9voles animent les pr\u00e9parations au d\u00e9part, l&rsquo;accueil des jeunes \u00e9trangers et la vie de l&rsquo;association.<\/p>\n<div class=\"bouton_transparent\" style=\"width: 250px; text-align: left;\" onclick=\"window.open('https:\/\/afs.fr\/benevoles\/')\">Devenez B\u00e9n\u00e9vole AFS<\/div>\n<p>Ce site a pour objectif de partager les informations et les actualit\u00e9s de notre association locale.<\/p>\n<\/div>\n<\/div>\n<div class=\"col-lg-4\" style=\"display: flex; align-items: center; justify-content: center;\">\n<p><a href=\"https:\/\/afs-poitou-charentes.fr\/accueil\/wp-content\/uploads\/2021\/05\/P1030254-scaled.jpg\" data-rel=\"lightbox-image-0\" data-rl_title=\"\" data-rl_caption=\"\" title=\"\"><img loading=\"lazy\" class=\"encadree\" src=\"https:\/\/afs-poitou-charentes.fr\/accueil\/wp-content\/uploads\/2021\/05\/P1030254-300x169.jpg\" alt=\"\" width=\"300\" height=\"169\" \/><\/a><\/p>\n<\/div>\n<\/div>\n<\/div>\n<\/div>\n<\/div>\n<p><!-- ------------ fin  bande deg_transparent --------------- --><\/p>\n<div class=\"deg_transparent \">\n<div class=\"contenu_page\">\n<div class=\"row\" style=\"display: inline-flex; justify-content: center; align-content: center;\">\n<div class=\"col-lg-6\" style=\"display: flex; align-items: left; justify-content: center; flex-direction: column;\">\n<div style=\"font-size: 24pt; font-family: 'arial black', sans-serif;\" align=\"left\"><strong>Site National<\/strong><\/div>\n<p><span class=\"bouton_bleu\" style=\"width: 250px; text-align: left;\" onclick=\"window.open('https:\/\/afs.fr\/')\">AFS V S F<\/span><\/p>\n<\/div>\n<div class=\"col-lg-6\" style=\"display: flex; flex-direction: column; place-content: center; text-align: left;\">\n<p style=\"text-align: center;\"><span style=\"font-family: 'arial black', sans-serif; font-size: 30pt;\">Vivez le monde !<\/span><\/p>\n<p>\n<span>AFS est une association internationale de s\u00e9jours linguistiques et interculturels \u00e0 but non lucratif. Accueillir ou partir avec AFS, c&rsquo;est s&rsquo;ouvrir au monde.<br \/>\nPartez \u00e9tudier dans plus de 50 pays, d\u00e9couvrez une culture, apprenez une langue et faites des rencontres.<br \/>\nLe site national pr\u00e9sente toutes nos activit\u00e9s, un outil de recherche pour partir \u00e0 l&rsquo;\u00e9tranger,<strong> <a href=\"https:\/\/drive.google.com\/file\/d\/1UNcDaWPn_7hpZScasTUaLhqeZE0tjVD6\/view\" target=\"_blank\" rel=\"noopener\">les tarifs<\/a><\/strong> et les pages d&rsquo;inscription pour un<strong><a href=\"https:\/\/afs.fr\/partir\/\" target=\"_blank\" rel=\"noopener\"> d\u00e9part<\/a> <\/strong>ou un <strong><a href=\"https:\/\/afs.fr\/accueillir-un-etudiant-chez-soi\/\" target=\"_blank\" rel=\"noopener\">accueil<\/a>.<\/strong><\/span>Si vous avez besoin de faire un emprunt, pensez aux banques (cliquer sur l&rsquo;image) : <a href=\"https:\/\/afs-poitou-charentes.fr\/accueil\/wp-content\/uploads\/telechargements\/CampagneDepart\/2025 12 D\u00e9pliant Banque Populaire partenariat AFS.pdf\" target=\"_blank\" rel=\"noopener\"><img src=\"https:\/\/afs-poitou-charentes.fr\/accueil\/wp-content\/uploads\/telechargements\/CampagneDepart\/Banque Populaire.jpg\" alt=\"\" width=\"350\" class=\"aligncenter wp-image-1689 size-thumbnail\" \/><\/a><\/div>\n<div><\/div>\n<div><\/div>\n<\/div>\n<\/div>\n<\/div>\n<p><!-- ------------ bande deg_transparent --------------- --><\/p>\n<p><!--\n\n\n\n\n\n--><\/p>\n<p><!-- ------------ bande deg_transparent --------------- --><\/p>\n<div class=\"deg_bleu_bleuciel\">\n<div class=\"contenu_page\">\n<div class=\"row\">\n<div class=\"col-lg-6\" style=\"display: flex; align-items: left; justify-content: center; flex-direction: column;\">\n<div style=\"font-size: 24pt; font-family: 'arial black', sans-serif;\" align=\"left\"><strong>Formation<\/strong><\/div>\n<p><span class=\"bouton_transparent\" style=\"width: 250px; text-align: left;\" onclick=\"location.href='https:\/\/afs-poitou-charentes.fr\/accueil\/formations\/';\">Formations au Fran\u00e7ais<\/span><\/p>\n<\/div>\n<div class=\"col-lg-6\">\n<p><em>Vous arrivez en France et vous souhaitez am\u00e9liorer ou apprendre notre langue : consultez la page de formations en ligne.<\/em><\/p>\n<p>Coming to France and wishing to learn or to improve your French? <br \/>\nFollow the link to find some useful links<\/p>\n<p>ELTIS Test :\u00a0<br \/>\nPour informations : <span style=\"color: #00ffff;\"><a href=\"https:\/\/www.eltistest.com\/home\/index.php\" target=\"_blank\" style=\"color: #00ffff;\" rel=\"noopener\">https:\/\/www.eltistest.com\/home\/index.php<\/a><\/span><br \/>\net test d&rsquo;entainement: <span style=\"color: #00ffff;\"><a href=\"https:\/\/www.eltistest.com\/practicetest\/\" target=\"_blank\" style=\"color: #00ffff;\" rel=\"noopener\">https:\/\/www.eltistest.com\/practicetest\/<\/a><\/span><\/p>\n<\/div>\n<\/div>\n<\/div>\n<\/div>\n<div class=\"deg_transparent \">\n<div class=\"contenu_page\">\n<div class=\"row\">\n<div class=\"col-lg-6\" style=\"display: flex; align-items: left; justify-content: center; flex-direction: column;\">\n<p>&nbsp;<\/p>\n<div style=\"font-size: 24pt; font-family: 'arial black', sans-serif;\" align=\"left\"><strong>D\u00e9roulement d&rsquo;une ann\u00e9e<\/strong><\/div>\n<p><span class=\"bouton_bleu\" style=\"width: 250px; text-align: left;\" onclick=\"location.href='https:\/\/afs-poitou-charentes.fr\/accueil\/agenda\/';\">Agenda<\/span><\/p>\n<p>&nbsp;<\/p>\n<\/div>\n<div class=\"col-lg-6\">\n<p style=\"text-align: left;\"><span style=\"font-size: 14pt; font-family: Montserrat-Regular, sans-serif;\"><strong>Agenda 2025-2026<\/strong><\/span><\/p>\n<p>L&rsquo;agenda est provisoire. Il sera mis \u00e0 jour en cours d&rsquo;ann\u00e9e.<br \/>\nLa saison commence en septembre et se termine au d\u00e9but du mois de juillet de l&rsquo;ann\u00e9e suivante.<\/p>\n<div><a href=\"https:\/\/www.nouaille-1356.org\/\" target=\"_blank\" rel=\"noopener\"><span style=\"color: #ffffff; background-color: #ffffff;\"> <\/span><\/a><\/div>\n<\/div>\n<\/div>\n<\/div>\n<\/div>\n<p><!-- ------------ Fin de bande deg_transparent --------------- --><\/p>\n<div style=\"display: none;\">\n\n<div class=\"deg_rouge_orange\">\n<div class=\"contenu_page\">\n<div class=\"row\">\n<div class=\"col-lg-6\" style=\"display: flex; align-items: left; justify-content: center; flex-direction: column;\">\n<p>&nbsp;<\/p>\n<\/div>\n<div class=\"col-lg-6\">\n<p>&nbsp;<\/p>\n<\/div>\n<\/div>\n<\/div>\n<\/div>\n  \n<\/div>\n<p><!-- ------------ bande deg_transparent --------------- --><\/p>\n<div style=\"display: none;\">\n\n  <p><!-- ------------ bande deg_transparent --------------- --><\/p>\n<div class=\"deg_transparent \">\n<div class=\"contenu_page\">\n<div class=\"row\">\n<div class=\"col-lg-4\" style=\"display: flex; align-items: center; justify-content: center; flex-direction: column;\">\n<p>&nbsp;<\/p>\n<\/div>\n<div class=\"col-lg-4\" style=\"display: flex; align-items: center; justify-content: center; flex-direction: column;\">\n<p><span style=\"font-family: 'arial black', sans-serif;\">Les journaux Ulysse<\/span><\/p>\n<p><a href=\"https:\/\/afs-poitou-charentes.fr\/accueil\/ulysse\/\"><img src=\"https:\/\/afs-poitou-charentes.fr\/accueil\/wp-content\/uploads\/2021\/05\/Image_Ulysse-225x300.jpg\" alt=\"\" width=\"225\" height=\"300\" class=\"bouton_encadre alignnone wp-image-604 size-medium\" \/><\/a><\/p>\n<\/div>\n<div class=\"col-lg-4\" style=\"display: flex; align-items: center; justify-content: center; flex-direction: column;\">\n<p>&nbsp;<\/p>\n<\/div>\n<\/div>\n<\/div>\n<\/div>\n  \n<\/div>\n<p><!-- ------------ bande deg_transparent --------------- --><\/p>\n<div style=\"display: none;\">\n<div class=\"deg_transparent \">\n<div class=\"contenu_page\">\n<div class=\"row\">\n<div class=\"col-lg-4\">\n<p>&nbsp;<\/p>\n<div style=\"font-size: 24pt; font-family: 'arial black', sans-serif;\" align=\"left\"><strong>La cuisine internationale<\/strong><\/div>\n<p><span class=\"bouton_bleu\" style=\"width: 250px; text-align: left;\" onclick=\"location.href='https:\/\/afs-poitou-charentes.fr\/accueil\/recettes\/';\">Recettes<\/span><\/p>\n<p>&nbsp;<\/p>\n<\/div>\n<div class=\"col-lg-8\">\n<p><strong><span style=\"font-family: Montserrat-Regular, sans-serif; font-size: 14pt;\">L\u2019alimentation est un \u00e9l\u00e9ment incontournable de la culture d\u2019un pays.<\/span><\/strong><\/p>\n<p>Le monde de la gastronomie est aussi vari\u00e9 que les personnes qui le composent. Le nom d\u2019une boisson ou d\u2019un plat \u00e9voque souvent un pays ou une r\u00e9gion du monde : Pizza, kiwi, sushis, couscous, tapas, pousses de bambou, vin, tequila\u2026 <br \/>\nNos jeunes candidats au d\u00e9part doivent \u00eatre en mesure de pr\u00e9parer un plat typiquement fran\u00e7ais. Chaque jeune, fran\u00e7ais ou \u00e9tranger, nous pr\u00e9sente une sp\u00e9cialit\u00e9 de son pays pendant les journ\u00e9es de rassemblement (F\u00eate de No\u00ebl, pique nique, orientation). <br \/>\nConsultez ici les recettes du monde.<\/p>\n<\/div>\n<\/div>\n<\/div>\n<\/div>\n<\/div>\n<p><!-- ------------ fin  bande deg_transparent --------------- --><\/p>\n<p><!-- ------------ bande deg_bleu_violet_visage--------------- --><\/p>\n<div class=\"deg_bleu_violet_visage\">\n<div class=\"contenu_page\">\n<div class=\"row\">\n<div class=\"col-lg-6\">\n<p><span style=\"font-family: 'arial black', sans-serif;\">Composition du Conseil d&rsquo;Administration 2025<\/span><\/p>\n<p>Pr\u00e9sident : St\u00e9phane PINCHON<br \/>\nVice-pr\u00e9sident : Sylvain BATTEUX<br \/>\nTr\u00e9sori\u00e8re : Edith MARTIN BAUDRY<br \/>\nTr\u00e9sorier adjoint : Sylvain BATTEUX<br \/>\nSecr\u00e9taire : Rose Mary MACHADO<br \/>\nSecr\u00e9taire adjointe : Axelle CHEVALIER<\/p>\n<div>Contact :<\/div>\n<div style=\"display: flex; justify-content: left; flex-direction: row;\"><img style=\"filter: invert(100%) sepia(0%) saturate(7500%) hue-rotate(215deg) brightness(106%) contrast(103%);\" class=\"alignnone wp-image-659\" src=\"https:\/\/afs-poitou-charentes.fr\/accueil\/wp-content\/themes\/magnetic-wp\/fonts\/fontawesome\/solid\/phone-square.svg\" alt=\"\" width=\"20\" \/>\u00a0\u00a0 07 67 86 14 07<\/div>\n<div style=\"display: flex; justify-content: left; flex-direction: row;\"><img style=\"filter: invert(100%) sepia(0%) saturate(7500%) hue-rotate(215deg) brightness(106%) contrast(103%);\" class=\"alignnone wp-image-659\" src=\"https:\/\/afs-poitou-charentes.fr\/accueil\/wp-content\/themes\/magnetic-wp\/fonts\/fontawesome\/solid\/address-card.svg\" alt=\"\" width=\"20\" \/> \u00a0 afs.poitou.charentes@gmail.com\u00a0 <a href=\"https:\/\/fr-fr.facebook.com\/afs.poitoucharentes\/\" target=\"_blank\" rel=\"noopener\"><img style=\"filter: invert(100%) sepia(0%) saturate(7500%) hue-rotate(215deg) brightness(106%) contrast(103%);\" class=\"alignnone wp-image-659\" src=\"https:\/\/afs-poitou-charentes.fr\/accueil\/wp-content\/themes\/magnetic-wp\/fonts\/fontawesome\/brands\/facebook-square.svg\" alt=\"\" width=\"20\" \/><\/a><\/div>\n<\/div>\n<div class=\"col-lg-6\">\n<p><span style=\"font-family: 'arial black', sans-serif;\">Les autres responsabilit\u00e9s sont assur\u00e9es par :<\/span><\/p>\n<p>Coordination accueil : Sylvain BATTEUX.<br \/>\nCoordination d\u00e9part : Micheline TRILLES.<br \/>\nM\u00e9diation : Jean-Louis MICHEL.<br \/>\nPresse : Christophe LABETOULLE<br \/>\nCommunication r\u00e9seaux : Mathis BOURDEAU<br \/>\nSuivi de la scolarit\u00e9 : Nadine BEWENDE.<\/p>\n<p><a href=\"https:\/\/www.onlyoffice.com\/fr\/docspace-registration?utm_source=source&amp;utm_medium=banner&amp;utm_campaign=nonprofit\" target=\"_blank\" rel=\"noreferrer noopener\" style=\"cursor: pointer;\"><img src=\"https:\/\/www.onlyoffice.com\/images\/templates\/banners\/en\/125-x-125-1.gif\" title=\"Document collaboration made simpler\" alt=\"Document collaboration made simpler\" \/><\/a><a href=\"https:\/\/afs-poitou-charentes.fr\/accueil\/wp-content\/uploads\/2024\/07\/Logo-FDVA2.png\" data-rel=\"lightbox-image-2\" data-rl_title=\"\" data-rl_caption=\"\" title=\"\"><img loading=\"lazy\" src=\"https:\/\/afs-poitou-charentes.fr\/accueil\/wp-content\/uploads\/2024\/07\/Logo-FDVA2-300x158.png\" alt=\"\" width=\"300\" height=\"158\" class=\"alignnone size-medium wp-image-1688\" srcset=\"https:\/\/afs-poitou-charentes.fr\/accueil\/wp-content\/uploads\/2024\/07\/Logo-FDVA2-300x158.png 300w, https:\/\/afs-poitou-charentes.fr\/accueil\/wp-content\/uploads\/2024\/07\/Logo-FDVA2.png 422w\" sizes=\"(max-width: 300px) 100vw, 300px\" \/><\/a><a href=\"http:\/\/www.onlyoffice.com\/fr?campaign=nonprofit\" target=\"_blank\" rel=\"noreferrer noopener\" style=\"cursor: pointer;\"><\/a><\/p>\n<\/div>\n<\/div>\n<\/div>\n<\/div>\n","protected":false},"excerpt":{"rendered":"<p>Actuellement Tableau des jeunes La campagne Accueil 2026 est en cours ! Accueillez un jeune international chez vous pour d\u00e9couvrir une autre culture, partager votre quotidien, vos passions et tisser des liens durables par-del\u00e0 les fronti\u00e8res. Rejoignez-nous ! Actuellement Tableaux des jeunes \u00e0 placer La campagne Accueil 2023 est en cours ! Accueillez un jeune&hellip;<\/p>\n<div class=\"more-wrap\"><a href=\"https:\/\/afs-poitou-charentes.fr\/accueil\/\" class=\"more-link\">Continue to Accueil<\/a><\/div>\n","protected":false},"author":2,"featured_media":0,"parent":0,"menu_order":0,"comment_status":"closed","ping_status":"closed","template":"templates\/template-image-header.php","meta":[],"yoast_head":"<!-- This site is optimized with the Yoast SEO plugin v15.7 - https:\/\/yoast.com\/wordpress\/plugins\/seo\/ -->\n<title>Accueil - AFS POITOU-CHARENTES<\/title>\n<meta name=\"description\" content=\"Echange interculturel Accueil - langue formation \u00e9ducation populaire - vivre sans fronti\u00e8re\" \/>\n<meta name=\"robots\" content=\"index, follow, max-snippet:-1, max-image-preview:large, max-video-preview:-1\" \/>\n<link rel=\"canonical\" href=\"https:\/\/afs-poitou-charentes.fr\/accueil\/\" \/>\n<meta property=\"og:locale\" content=\"fr_FR\" \/>\n<meta property=\"og:type\" content=\"article\" \/>\n<meta property=\"og:title\" content=\"Accueil - AFS POITOU-CHARENTES\" \/>\n<meta property=\"og:description\" content=\"Echange interculturel Accueil - langue formation \u00e9ducation populaire - vivre sans fronti\u00e8re\" \/>\n<meta property=\"og:url\" content=\"https:\/\/afs-poitou-charentes.fr\/accueil\/\" \/>\n<meta property=\"og:site_name\" content=\"AFS POITOU-CHARENTES\" \/>\n<meta property=\"article:publisher\" content=\"https:\/\/m.facebook.com\/afs.poitoucharentes\/\" \/>\n<meta property=\"article:modified_time\" content=\"2026-03-30T22:22:02+00:00\" \/>\n<meta property=\"og:image\" content=\"https:\/\/afs-poitou-charentes.fr\/accueil\/wp-content\/uploads\/2021\/05\/P1030254-300x169.jpg\" \/>\n<meta name=\"twitter:label1\" content=\"Dur\u00e9e de lecture est.\">\n\t<meta name=\"twitter:data1\" content=\"5 minutes\">\n<script type=\"application\/ld+json\" class=\"yoast-schema-graph\">{\"@context\":\"https:\/\/schema.org\",\"@graph\":[{\"@type\":\"WebSite\",\"@id\":\"https:\/\/afs-poitou-charentes.fr\/accueil\/#website\",\"url\":\"https:\/\/afs-poitou-charentes.fr\/accueil\/\",\"name\":\"AFS POITOU-CHARENTES\",\"description\":\"\",\"potentialAction\":[{\"@type\":\"SearchAction\",\"target\":\"https:\/\/afs-poitou-charentes.fr\/accueil\/?s={search_term_string}\",\"query-input\":\"required name=search_term_string\"}],\"inLanguage\":\"fr-FR\"},{\"@type\":\"ImageObject\",\"@id\":\"https:\/\/afs-poitou-charentes.fr\/accueil\/#primaryimage\",\"inLanguage\":\"fr-FR\",\"url\":\"https:\/\/afs-poitou-charentes.fr\/accueil\/wp-content\/uploads\/2021\/05\/P1030254-300x169.jpg\"},{\"@type\":\"WebPage\",\"@id\":\"https:\/\/afs-poitou-charentes.fr\/accueil\/#webpage\",\"url\":\"https:\/\/afs-poitou-charentes.fr\/accueil\/\",\"name\":\"Accueil - AFS POITOU-CHARENTES\",\"isPartOf\":{\"@id\":\"https:\/\/afs-poitou-charentes.fr\/accueil\/#website\"},\"primaryImageOfPage\":{\"@id\":\"https:\/\/afs-poitou-charentes.fr\/accueil\/#primaryimage\"},\"datePublished\":\"2021-05-05T08:20:28+00:00\",\"dateModified\":\"2026-03-30T22:22:02+00:00\",\"description\":\"Echange interculturel Accueil - langue formation \\u00e9ducation populaire - vivre sans fronti\\u00e8re\",\"inLanguage\":\"fr-FR\",\"potentialAction\":[{\"@type\":\"ReadAction\",\"target\":[\"https:\/\/afs-poitou-charentes.fr\/accueil\/\"]}]}]}<\/script>\n<!-- \/ Yoast SEO plugin. -->","_links":{"self":[{"href":"https:\/\/afs-poitou-charentes.fr\/accueil\/wp-json\/wp\/v2\/pages\/51"}],"collection":[{"href":"https:\/\/afs-poitou-charentes.fr\/accueil\/wp-json\/wp\/v2\/pages"}],"about":[{"href":"https:\/\/afs-poitou-charentes.fr\/accueil\/wp-json\/wp\/v2\/types\/page"}],"author":[{"embeddable":true,"href":"https:\/\/afs-poitou-charentes.fr\/accueil\/wp-json\/wp\/v2\/users\/2"}],"replies":[{"embeddable":true,"href":"https:\/\/afs-poitou-charentes.fr\/accueil\/wp-json\/wp\/v2\/comments?post=51"}],"version-history":[{"count":625,"href":"https:\/\/afs-poitou-charentes.fr\/accueil\/wp-json\/wp\/v2\/pages\/51\/revisions"}],"predecessor-version":[{"id":2182,"href":"https:\/\/afs-poitou-charentes.fr\/accueil\/wp-json\/wp\/v2\/pages\/51\/revisions\/2182"}],"wp:attachment":[{"href":"https:\/\/afs-poitou-charentes.fr\/accueil\/wp-json\/wp\/v2\/media?parent=51"}],"curies":[{"name":"wp","href":"https:\/\/api.w.org\/{rel}","templated":true}]}}