{"id":658,"date":"2021-05-21T07:17:24","date_gmt":"2021-05-21T06:17:24","guid":{"rendered":"https:\/\/afs-poitou-charentes.fr\/accueil\/?page_id=658"},"modified":"2026-03-15T23:26:37","modified_gmt":"2026-03-15T22:26:37","slug":"mentions-legales","status":"publish","type":"page","link":"https:\/\/afs-poitou-charentes.fr\/accueil\/mentions-legales\/","title":{"rendered":"Mentions l\u00e9gales"},"content":{"rendered":"<div class=\"deg_rouge_orange\">\n<div class=\"contenu_page\">\n<div class=\"row\">\n<div class=\"col-lg-12\">\n<p style=\"text-align: center;\"><span style=\"font-family: 'arial black', sans-serif; font-size: 18pt;\">Mentions l\u00e9gales<\/span><\/p>\n<p style=\"text-align: center;\"><span class=\"bouton_transparent\" onclick=\"location.href='https:\/\/afs-poitou-charentes.fr\/accueil\/';\">Retour \u00e0 l&rsquo;accueil<\/span><\/p>\n<\/div>\n<\/div>\n<\/div>\n<\/div>\n<div class=\"deg_transparent \">\n<div class=\"contenu_page\">\n<div class=\"row\">\n<div class=\"col-lg-12\">\n<p style=\"text-align: center;\">En vigueur au 21\/05\/2021<\/p>\n<p>Conform\u00e9ment aux dispositions des Articles 6-III et 19 de la Loi n\u00b02004-575 du 21 juin 2004 pour la Confiance dans l\u2019\u00e9conomie num\u00e9rique, dite L.C.E.N., il est port\u00e9 \u00e0 la connaissance des Utilisateurs du site https:\/\/afs-poitou-charentes.fr les pr\u00e9sentes mentions l\u00e9gales.<br \/>\nLa connexion et la navigation sur le site afs-poitou-charentes.fr par l\u2019Utilisateur implique acceptation int\u00e9grale et sans r\u00e9serve des pr\u00e9sentes mentions l\u00e9gales.<br \/>\nCes derni\u00e8res sont accessibles sur le site \u00e0 la rubrique \u00ab Mentions l\u00e9gales \u00bb.<\/p>\n<h1>ARTICLE 1 : L\u2019\u00e9diteur<\/h1>\n<p>L&rsquo;\u00e9dition du site https:\/\/afs-poitou-charentes.fr est assur\u00e9e par l&rsquo; Association AFS Poitou-Charentes, <br \/>\nimmatricul\u00e9e au RCS de POITIERS sous le num\u00e9ro 521 190 702 <br \/>\ndont le si\u00e8ge social est situ\u00e9 au 5, rue de Picardie, boite n\u00b0 55, 86000 POITIERS num\u00e9ro de t\u00e9l\u00e9phone 07 67 86 14 07, <br \/>\nadresse e-mail : afs.poitou.charentes@gmail.com.<\/p>\n<p>Le Directeur de la publication est Jean-Marie RIVIERE<\/p>\n<h1>ARTICLE 2 : L\u2019h\u00e9bergeur<\/h1>\n<p>L&rsquo;h\u00e9bergeur du site https:\/\/afs-poitou-charentes.fr est la Soci\u00e9t\u00e9 LWS, dont le si\u00e8ge social est situ\u00e9 au Soci\u00e9t\u00e9 Ligne Web Services 10 rue Penthi\u00e8vre 75008 Paris FRANCE , avec le num\u00e9ro de t\u00e9l\u00e9phone : 01 77 62 30 03.<\/p>\n<h1>ARTICLE 3 : Acc\u00e8s au site<\/h1>\n<p>Le site est accessible par tout endroit, 7j\/7, 24h\/24 sauf cas de force majeure, interruption programm\u00e9e ou non et pouvant d\u00e9coulant d\u2019une n\u00e9cessit\u00e9 de maintenance.<br \/>\nEn cas de modification, interruption ou suspension des services le site https:\/\/afs-poitou-charentes.frne saurait \u00eatre tenu responsable.<\/p>\n<h1>ARTICLE 4 : Collecte des donn\u00e9es<\/h1>\n<p>Le site est exempt\u00e9 de d\u00e9claration \u00e0 la Commission Nationale Informatique et Libert\u00e9s (CNIL) dans la mesure o\u00f9 il ne collecte aucune donn\u00e9e concernant les utilisateurs.<\/p>\n<h1>ARTICLE 5 : Cookies<\/h1>\n<p>L\u2019Utilisateur est inform\u00e9 que lors de ses visites sur le site, un cookie peut s\u2019installer automatiquement sur son logiciel de navigation.<br \/>\nEn naviguant sur le site, il les accepte.<br \/>\nUn cookie est un \u00e9l\u00e9ment qui ne permet pas d\u2019identifier l\u2019Utilisateur mais sert \u00e0 enregistrer des informations relatives \u00e0 la navigation de celui-ci sur le site Internet. L\u2019Utilisateur pourra d\u00e9sactiver ce cookie par l\u2019interm\u00e9diaire des param\u00e8tres figurant au sein de son logiciel de navigation.<\/p>\n<h1>ARTICLE 6 : Propri\u00e9t\u00e9 intellectuelle<\/h1>\n<p>Toute utilisation, reproduction, diffusion, commercialisation, modification de toute ou partie du site https:\/\/afs-poitou-charentes.fr,\u00a0 sans autorisation de l\u2019Editeur est prohib\u00e9e et pourra entra\u00een\u00e9e des actions et poursuites judiciaires telles que notamment pr\u00e9vues par le Code de la propri\u00e9t\u00e9 intellectuelle et le Code civil.<\/p>\n<\/div>\n<\/div>\n<\/div>\n<\/div>\n<div class=\"deg_bleu_violet\">\n<div class=\"contenu_page\">\n<div class=\"row\">\n<div class=\"col-lg-12\">\n<p style=\"text-align: center;\">\u00a0<br \/>\n\u00a0 <\/p>\n<\/div>\n<\/div>\n<\/div>\n<\/div>\n","protected":false},"excerpt":{"rendered":"<p>Mentions l\u00e9gales Retour \u00e0 l&rsquo;accueil En vigueur au 21\/05\/2021 Conform\u00e9ment aux dispositions des Articles 6-III et 19 de la Loi n\u00b02004-575 du 21 juin 2004 pour la Confiance dans l\u2019\u00e9conomie num\u00e9rique, dite L.C.E.N., il est port\u00e9 \u00e0 la connaissance des Utilisateurs du site https:\/\/afs-poitou-charentes.fr les pr\u00e9sentes mentions l\u00e9gales. La connexion et la navigation sur le&hellip;<\/p>\n<div class=\"more-wrap\"><a href=\"https:\/\/afs-poitou-charentes.fr\/accueil\/mentions-legales\/\" class=\"more-link\">Continue to Mentions l\u00e9gales<\/a><\/div>\n","protected":false},"author":2,"featured_media":0,"parent":0,"menu_order":0,"comment_status":"closed","ping_status":"closed","template":"templates\/template-no-sidebar.php","meta":[],"yoast_head":"<!-- This site is optimized with the Yoast SEO plugin v15.7 - https:\/\/yoast.com\/wordpress\/plugins\/seo\/ -->\n<title>Mentions l\u00e9gales - AFS POITOU-CHARENTES<\/title>\n<meta name=\"robots\" content=\"index, follow, max-snippet:-1, max-image-preview:large, max-video-preview:-1\" \/>\n<link rel=\"canonical\" href=\"https:\/\/afs-poitou-charentes.fr\/accueil\/mentions-legales\/\" \/>\n<meta property=\"og:locale\" content=\"fr_FR\" \/>\n<meta property=\"og:type\" content=\"article\" \/>\n<meta property=\"og:title\" content=\"Mentions l\u00e9gales - AFS POITOU-CHARENTES\" \/>\n<meta property=\"og:description\" content=\"Mentions l\u00e9gales Retour \u00e0 l&rsquo;accueil En vigueur au 21\/05\/2021 Conform\u00e9ment aux dispositions des Articles 6-III et 19 de la Loi n\u00b02004-575 du 21 juin 2004 pour la Confiance dans l\u2019\u00e9conomie num\u00e9rique, dite L.C.E.N., il est port\u00e9 \u00e0 la connaissance des Utilisateurs du site https:\/\/afs-poitou-charentes.fr les pr\u00e9sentes mentions l\u00e9gales. La connexion et la navigation sur le&hellip;Continue to Mentions l\u00e9gales\" \/>\n<meta property=\"og:url\" content=\"https:\/\/afs-poitou-charentes.fr\/accueil\/mentions-legales\/\" \/>\n<meta property=\"og:site_name\" content=\"AFS POITOU-CHARENTES\" \/>\n<meta property=\"article:publisher\" content=\"https:\/\/m.facebook.com\/afs.poitoucharentes\/\" \/>\n<meta property=\"article:modified_time\" content=\"2026-03-15T22:26:37+00:00\" \/>\n<meta name=\"twitter:label1\" content=\"Dur\u00e9e de lecture est.\">\n\t<meta name=\"twitter:data1\" content=\"2 minutes\">\n<script type=\"application\/ld+json\" class=\"yoast-schema-graph\">{\"@context\":\"https:\/\/schema.org\",\"@graph\":[{\"@type\":\"WebSite\",\"@id\":\"https:\/\/afs-poitou-charentes.fr\/accueil\/#website\",\"url\":\"https:\/\/afs-poitou-charentes.fr\/accueil\/\",\"name\":\"AFS POITOU-CHARENTES\",\"description\":\"\",\"potentialAction\":[{\"@type\":\"SearchAction\",\"target\":\"https:\/\/afs-poitou-charentes.fr\/accueil\/?s={search_term_string}\",\"query-input\":\"required name=search_term_string\"}],\"inLanguage\":\"fr-FR\"},{\"@type\":\"WebPage\",\"@id\":\"https:\/\/afs-poitou-charentes.fr\/accueil\/mentions-legales\/#webpage\",\"url\":\"https:\/\/afs-poitou-charentes.fr\/accueil\/mentions-legales\/\",\"name\":\"Mentions l\\u00e9gales - AFS POITOU-CHARENTES\",\"isPartOf\":{\"@id\":\"https:\/\/afs-poitou-charentes.fr\/accueil\/#website\"},\"datePublished\":\"2021-05-21T06:17:24+00:00\",\"dateModified\":\"2026-03-15T22:26:37+00:00\",\"inLanguage\":\"fr-FR\",\"potentialAction\":[{\"@type\":\"ReadAction\",\"target\":[\"https:\/\/afs-poitou-charentes.fr\/accueil\/mentions-legales\/\"]}]}]}<\/script>\n<!-- \/ Yoast SEO plugin. -->","_links":{"self":[{"href":"https:\/\/afs-poitou-charentes.fr\/accueil\/wp-json\/wp\/v2\/pages\/658"}],"collection":[{"href":"https:\/\/afs-poitou-charentes.fr\/accueil\/wp-json\/wp\/v2\/pages"}],"about":[{"href":"https:\/\/afs-poitou-charentes.fr\/accueil\/wp-json\/wp\/v2\/types\/page"}],"author":[{"embeddable":true,"href":"https:\/\/afs-poitou-charentes.fr\/accueil\/wp-json\/wp\/v2\/users\/2"}],"replies":[{"embeddable":true,"href":"https:\/\/afs-poitou-charentes.fr\/accueil\/wp-json\/wp\/v2\/comments?post=658"}],"version-history":[{"count":12,"href":"https:\/\/afs-poitou-charentes.fr\/accueil\/wp-json\/wp\/v2\/pages\/658\/revisions"}],"predecessor-version":[{"id":2106,"href":"https:\/\/afs-poitou-charentes.fr\/accueil\/wp-json\/wp\/v2\/pages\/658\/revisions\/2106"}],"wp:attachment":[{"href":"https:\/\/afs-poitou-charentes.fr\/accueil\/wp-json\/wp\/v2\/media?parent=658"}],"curies":[{"name":"wp","href":"https:\/\/api.w.org\/{rel}","templated":true}]}}