{"id":781,"date":"2021-05-27T14:15:19","date_gmt":"2021-05-27T13:15:19","guid":{"rendered":"https:\/\/afs-poitou-charentes.fr\/accueil\/?page_id=781"},"modified":"2025-04-13T10:58:43","modified_gmt":"2025-04-13T09:58:43","slug":"galerie_photo","status":"publish","type":"page","link":"https:\/\/afs-poitou-charentes.fr\/accueil\/galerie_photo\/","title":{"rendered":"galerie_photo"},"content":{"rendered":"<p>Galerie image : Cette page ne sera pas affich\u00e9e. Elle appelle un mod\u00e8le Galerie_image qui construira la page \u00e0 afficher avec les param\u00e8tres pass\u00e9s comme par exemple :<br \/>\n<a href=\"https:\/\/afs-poitou-charentes.fr\/accueil\/galerie_photo\/?repertoire_image=\/telechargements\/WE_AFS\/2020_06_20\/&amp;libelle=Orientation juin 2020\">La galerie&#8230;<\/a><\/p>\n","protected":false},"excerpt":{"rendered":"<p>Galerie image : Cette page ne sera pas affich\u00e9e. Elle appelle un mod\u00e8le Galerie_image qui construira la page \u00e0 afficher avec les param\u00e8tres pass\u00e9s comme par exemple : La galerie&#8230;<\/p>\n","protected":false},"author":2,"featured_media":0,"parent":0,"menu_order":0,"comment_status":"closed","ping_status":"closed","template":"templates\/Galerie_image.php","meta":[],"yoast_head":"<!-- This site is optimized with the Yoast SEO plugin v15.7 - https:\/\/yoast.com\/wordpress\/plugins\/seo\/ -->\n<title>galerie_photo - AFS POITOU-CHARENTES<\/title>\n<meta name=\"robots\" content=\"index, follow, max-snippet:-1, max-image-preview:large, max-video-preview:-1\" \/>\n<link rel=\"canonical\" href=\"https:\/\/afs-poitou-charentes.fr\/accueil\/galerie_photo\/\" \/>\n<meta property=\"og:locale\" content=\"fr_FR\" \/>\n<meta property=\"og:type\" content=\"article\" \/>\n<meta property=\"og:title\" content=\"galerie_photo - AFS POITOU-CHARENTES\" \/>\n<meta property=\"og:description\" content=\"Galerie image : Cette page ne sera pas affich\u00e9e. Elle appelle un mod\u00e8le Galerie_image qui construira la page \u00e0 afficher avec les param\u00e8tres pass\u00e9s comme par exemple : La galerie&#8230;\" \/>\n<meta property=\"og:url\" content=\"https:\/\/afs-poitou-charentes.fr\/accueil\/galerie_photo\/\" \/>\n<meta property=\"og:site_name\" content=\"AFS POITOU-CHARENTES\" \/>\n<meta property=\"article:publisher\" content=\"https:\/\/m.facebook.com\/afs.poitoucharentes\/\" \/>\n<meta property=\"article:modified_time\" content=\"2025-04-13T09:58:43+00:00\" \/>\n<script type=\"application\/ld+json\" class=\"yoast-schema-graph\">{\"@context\":\"https:\/\/schema.org\",\"@graph\":[{\"@type\":\"WebSite\",\"@id\":\"https:\/\/afs-poitou-charentes.fr\/accueil\/#website\",\"url\":\"https:\/\/afs-poitou-charentes.fr\/accueil\/\",\"name\":\"AFS POITOU-CHARENTES\",\"description\":\"\",\"potentialAction\":[{\"@type\":\"SearchAction\",\"target\":\"https:\/\/afs-poitou-charentes.fr\/accueil\/?s={search_term_string}\",\"query-input\":\"required name=search_term_string\"}],\"inLanguage\":\"fr-FR\"},{\"@type\":\"WebPage\",\"@id\":\"https:\/\/afs-poitou-charentes.fr\/accueil\/galerie_photo\/#webpage\",\"url\":\"https:\/\/afs-poitou-charentes.fr\/accueil\/galerie_photo\/\",\"name\":\"galerie_photo - AFS POITOU-CHARENTES\",\"isPartOf\":{\"@id\":\"https:\/\/afs-poitou-charentes.fr\/accueil\/#website\"},\"datePublished\":\"2021-05-27T13:15:19+00:00\",\"dateModified\":\"2025-04-13T09:58:43+00:00\",\"inLanguage\":\"fr-FR\",\"potentialAction\":[{\"@type\":\"ReadAction\",\"target\":[\"https:\/\/afs-poitou-charentes.fr\/accueil\/galerie_photo\/\"]}]}]}<\/script>\n<!-- \/ Yoast SEO plugin. -->","_links":{"self":[{"href":"https:\/\/afs-poitou-charentes.fr\/accueil\/wp-json\/wp\/v2\/pages\/781"}],"collection":[{"href":"https:\/\/afs-poitou-charentes.fr\/accueil\/wp-json\/wp\/v2\/pages"}],"about":[{"href":"https:\/\/afs-poitou-charentes.fr\/accueil\/wp-json\/wp\/v2\/types\/page"}],"author":[{"embeddable":true,"href":"https:\/\/afs-poitou-charentes.fr\/accueil\/wp-json\/wp\/v2\/users\/2"}],"replies":[{"embeddable":true,"href":"https:\/\/afs-poitou-charentes.fr\/accueil\/wp-json\/wp\/v2\/comments?post=781"}],"version-history":[{"count":5,"href":"https:\/\/afs-poitou-charentes.fr\/accueil\/wp-json\/wp\/v2\/pages\/781\/revisions"}],"predecessor-version":[{"id":801,"href":"https:\/\/afs-poitou-charentes.fr\/accueil\/wp-json\/wp\/v2\/pages\/781\/revisions\/801"}],"wp:attachment":[{"href":"https:\/\/afs-poitou-charentes.fr\/accueil\/wp-json\/wp\/v2\/media?parent=781"}],"curies":[{"name":"wp","href":"https:\/\/api.w.org\/{rel}","templated":true}]}}